{"id":686,"date":"2021-11-11T12:29:03","date_gmt":"2021-11-11T11:29:03","guid":{"rendered":"https:\/\/hoferpoints.it\/ala\/"},"modified":"2021-11-22T09:48:12","modified_gmt":"2021-11-22T08:48:12","slug":"ala","status":"publish","type":"page","link":"https:\/\/hoferpoints.it\/it\/ala\/","title":{"rendered":"Ala"},"content":{"rendered":"[vc_row type=&#8221;full_width_background&#8221; full_screen_row_position=&#8221;middle&#8221; column_margin=&#8221;default&#8221; column_direction=&#8221;default&#8221; column_direction_tablet=&#8221;default&#8221; column_direction_phone=&#8221;default&#8221; bg_color=&#8221;rgba(197,196,193,0.3)&#8221; scene_position=&#8221;center&#8221; top_padding=&#8221;2%&#8221; bottom_padding=&#8221;1%&#8221; text_color=&#8221;dark&#8221; text_align=&#8221;left&#8221; row_border_radius=&#8221;none&#8221; row_border_radius_applies=&#8221;bg&#8221; overlay_strength=&#8221;0.3&#8243; gradient_direction=&#8221;left_to_right&#8221; shape_divider_position=&#8221;bottom&#8221; bg_image_animation=&#8221;none&#8221; shape_type=&#8221;&#8221;][vc_column column_padding=&#8221;no-extra-padding&#8221; column_padding_tablet=&#8221;inherit&#8221; column_padding_phone=&#8221;inherit&#8221; column_padding_position=&#8221;all&#8221; column_element_spacing=&#8221;default&#8221; background_color_opacity=&#8221;1&#8243; background_hover_color_opacity=&#8221;1&#8243; column_shadow=&#8221;none&#8221; column_border_radius=&#8221;none&#8221; column_link_target=&#8221;_self&#8221; gradient_direction=&#8221;left_to_right&#8221; overlay_strength=&#8221;0.3&#8243; width=&#8221;1\/1&#8243; tablet_width_inherit=&#8221;default&#8221; tablet_text_alignment=&#8221;default&#8221; phone_text_alignment=&#8221;default&#8221; bg_image_animation=&#8221;none&#8221; border_type=&#8221;simple&#8221; column_border_width=&#8221;none&#8221; column_border_style=&#8221;solid&#8221;][toggles style=&#8221;minimal_small&#8221;][toggle color=&#8221;Default&#8221; title=&#8221;Chi era Andreas Hofer?&#8221;][vc_row_inner column_margin=&#8221;default&#8221; column_direction=&#8221;default&#8221; column_direction_tablet=&#8221;default&#8221; column_direction_phone=&#8221;default&#8221; text_align=&#8221;left&#8221;][vc_column_inner column_padding=&#8221;padding-3-percent&#8221; column_padding_tablet=&#8221;inherit&#8221; column_padding_phone=&#8221;inherit&#8221; column_padding_position=&#8221;right&#8221; column_element_spacing=&#8221;default&#8221; background_color_opacity=&#8221;1&#8243; background_hover_color_opacity=&#8221;1&#8243; column_shadow=&#8221;none&#8221; column_border_radius=&#8221;none&#8221; column_link_target=&#8221;_self&#8221; gradient_direction=&#8221;left_to_right&#8221; overlay_strength=&#8221;0.3&#8243; width=&#8221;2\/3&#8243; tablet_width_inherit=&#8221;default&#8221; bg_image_animation=&#8221;none&#8221; border_type=&#8221;simple&#8221; column_border_width=&#8221;none&#8221; column_border_style=&#8221;solid&#8221;][vc_column_text][divider line_type=&#8221;no-line&#8221; custom_height=&#8221;40&#8243;]\n<p><strong>Ancora oggi, oltre 250 anni dopo la sua morte, Andreas Hofer \u00e8 considerato un eroe da molte persone in Tirolo. <\/strong><\/p>\n<p>Accanto a \u00d6tzi e a Reinhold Messner \u00e8 uno dei tirolesi pi\u00f9 famosi.<br \/>\nNacque il 22 novembre 1767 al Sandhof di San Leonardo in Passiria. Dopo un\u2019infanzia difficile divenne capitano di una compagnia degli Sch\u00fctzen in Passiria. Negli scontri contro la Baviera, che dal 1806 occupava la regione, e contro le truppe napoleoniche si guadagn\u00f2 il ruolo di <em>comandante in capo<\/em> dei tirolesi. Per tre volte riusc\u00ec a respingere il nemico soverchiante nelle principali battaglie sul Monte Isel presso Innsbruck, in parte con il sostegno delle truppe austriache. Il 15 agosto 1809 entr\u00f2 nella Hofburg di Innsbruck e per due mesi e mezzo fu reggente del Tirolo. Ma inaspettatamente, con la pace di Sch\u00f6nbrunn del 14 ottobre, l\u2019Austria fu costretta a restituire il Tirolo alla Baviera che lo aveva annesso. Hofer, che non comprendeva questa decisione, fu sconfitto in una quarta battaglia sul Monte Isel nel giorno di Ognissanti del 1809. Nelle settimane successive, dando ascolto ai compagni pi\u00f9 intransigenti, persever\u00f2 insensatamente nell\u2019ordinare di continuare a combattere. I francesi si vendicarono compiendo pesanti rappresaglie sulla popolazione. A fine novembre Hofer fugg\u00ec e si nascose nella malga Pfandler. Tradito dai suoi compatrioti, fu catturato il 27 gennaio 1810 e condotto a Merano con il figlio Johann, la moglie Anna e il segretario Kajetan Sweth. Facendo varie tappe fu poi portato a Mantova, dove, dopo un processo-farsa, fu fucilato il 20 febbraio 1810 su ordine di Napoleone. Nonostante gli si fosse presentata l\u2019occasione di fuggire, non volle coglierla, perch\u00e9 fermamente convinto di dover pagare il fio per le proprie azioni.<\/p>\n[divider line_type=&#8221;no-line&#8221; custom_height=&#8221;20&#8243;]\n<h6>Testo: Albin Pixner, MuseoPassiria<br \/>\nTraduzione italiana: Susanna Piccoli<\/h6>\n<h6>Bibliografia:<br \/>\nOberhofer Andreas, Der Andere Hofer. Der Mensch hinter dem Mythos. Schlern-Schriften. 2009.<br \/>\nRohrer Josef, Eroi &amp; Hofer. Quando Andreas Hofer fin\u00ec al museo. 2009.<\/h6>\n[\/vc_column_text][\/vc_column_inner][vc_column_inner column_padding=&#8221;padding-3-percent&#8221; column_padding_tablet=&#8221;inherit&#8221; column_padding_phone=&#8221;inherit&#8221; column_padding_position=&#8221;left&#8221; column_element_spacing=&#8221;default&#8221; background_color_opacity=&#8221;1&#8243; background_hover_color_opacity=&#8221;1&#8243; column_shadow=&#8221;none&#8221; column_border_radius=&#8221;none&#8221; column_link_target=&#8221;_self&#8221; gradient_direction=&#8221;left_to_right&#8221; overlay_strength=&#8221;0.3&#8243; width=&#8221;1\/3&#8243; tablet_width_inherit=&#8221;default&#8221; bg_image_animation=&#8221;none&#8221; border_type=&#8221;simple&#8221; column_border_width=&#8221;none&#8221; column_border_style=&#8221;solid&#8221;][image_with_animation image_url=&#8221;256&#8243; animation=&#8221;Fade In&#8221; hover_animation=&#8221;none&#8221; alignment=&#8221;&#8221; border_radius=&#8221;none&#8221; box_shadow=&#8221;none&#8221; image_loading=&#8221;default&#8221; max_width=&#8221;100%&#8221; max_width_mobile=&#8221;default&#8221;][vc_column_text css=&#8221;.vc_custom_1615535644220{padding-top: 5% !important;}&#8221;]<em>Andreas Hofer, incisione colorata di Johann Georg Schedler, 1809. <\/em><\/p>\n<h6>Foto: MuseoPassiria<\/h6>\n[\/vc_column_text][\/vc_column_inner][\/vc_row_inner][vc_column_text][\/vc_column_text][\/toggle][\/toggles][\/vc_column][\/vc_row][vc_row type=&#8221;in_container&#8221; full_screen_row_position=&#8221;middle&#8221; column_margin=&#8221;default&#8221; equal_height=&#8221;yes&#8221; content_placement=&#8221;top&#8221; column_direction=&#8221;default&#8221; column_direction_tablet=&#8221;default&#8221; column_direction_phone=&#8221;default&#8221; scene_position=&#8221;center&#8221; top_padding=&#8221;3%&#8221; bottom_padding=&#8221;1%&#8221; text_color=&#8221;dark&#8221; text_align=&#8221;left&#8221; row_border_radius=&#8221;none&#8221; row_border_radius_applies=&#8221;bg&#8221; overlay_strength=&#8221;0.3&#8243; gradient_direction=&#8221;left_to_right&#8221; shape_divider_position=&#8221;bottom&#8221; bg_image_animation=&#8221;none&#8221; shape_type=&#8221;&#8221;][vc_column column_padding=&#8221;padding-5-percent&#8221; column_padding_tablet=&#8221;inherit&#8221; column_padding_phone=&#8221;inherit&#8221; column_padding_position=&#8221;all&#8221; column_element_spacing=&#8221;default&#8221; background_color=&#8221;rgba(197,196,193,0.3)&#8221; background_color_opacity=&#8221;1&#8243; background_hover_color_opacity=&#8221;1&#8243; column_shadow=&#8221;none&#8221; column_border_radius=&#8221;none&#8221; column_link_target=&#8221;_self&#8221; gradient_direction=&#8221;left_to_right&#8221; overlay_strength=&#8221;0.3&#8243; width=&#8221;1\/1&#8243; tablet_width_inherit=&#8221;default&#8221; tablet_text_alignment=&#8221;default&#8221; phone_text_alignment=&#8221;default&#8221; bg_image_animation=&#8221;none&#8221; border_type=&#8221;simple&#8221; column_border_width=&#8221;none&#8221; column_border_style=&#8221;solid&#8221;][vc_custom_heading text=&#8221;Il Palazzo Taddei&#8221; font_container=&#8221;tag:h1|font_size:30|text_align:left&#8221; use_theme_fonts=&#8221;yes&#8221; css=&#8221;.vc_custom_1636628637638{padding-bottom: 3% !important;}&#8221;][vc_column_text]Tramontata ogni speranza di riprendere la sollevazione, Andreas Hofer si era rifugiato con la propria famiglia presso la Pfandleralm, una malga sulle montagne della Passiria. L\u00ec, tradito da un compaesano di nome Franz Raffl, il 27 gennaio 1810 fu catturato dai francesi. Lungo il suo viaggio da prigioniero diretto verso Mantova, transit\u00f2 da Trento, dove alle 3 del pomeriggio del 31 gennaio fu esposto in piazza del Duomo alla vista del pubblico. Il giorno successivo Hofer fu a Rovereto e il 2 febbraio raggiunse Ala, dove a palazzo Taddei trascorse la sua ultima notte nel Tirolo.<br \/>\nDurante la notte gli si present\u00f2 l\u2019occasione di fuggire, che egli tuttavia decise di non cogliere, rassegnato al suo destino. Le esalazioni di monossido di carbonio da una stufa avevano infatti tramortito le sue guardie e stavano per avvelenare lo stesso Hofer che, ripresosi e visti i suoi custodi a terra, corse a chiamare aiuto, svegliando gli altri soldati francesi.<br \/>\nL\u2019oste della Passiria raggiunse Mantova il 5 febbraio, e l\u00ec fu fucilato dai francesi il 20 del mese.[\/vc_column_text][image_with_animation image_url=&#8221;744&#8243; animation=&#8221;Fade In&#8221; hover_animation=&#8221;none&#8221; alignment=&#8221;&#8221; border_radius=&#8221;none&#8221; box_shadow=&#8221;none&#8221; image_loading=&#8221;default&#8221; max_width=&#8221;100%&#8221; max_width_mobile=&#8221;default&#8221;][\/vc_column][\/vc_row][vc_row type=&#8221;full_width_background&#8221; full_screen_row_position=&#8221;middle&#8221; column_margin=&#8221;default&#8221; column_direction=&#8221;default&#8221; column_direction_tablet=&#8221;default&#8221; column_direction_phone=&#8221;default&#8221; scene_position=&#8221;center&#8221; bottom_padding=&#8221;2%&#8221; text_color=&#8221;dark&#8221; text_align=&#8221;left&#8221; row_border_radius=&#8221;none&#8221; row_border_radius_applies=&#8221;bg&#8221; overlay_strength=&#8221;0.3&#8243; gradient_direction=&#8221;left_to_right&#8221; shape_divider_position=&#8221;bottom&#8221; bg_image_animation=&#8221;none&#8221; shape_type=&#8221;&#8221;][vc_column column_padding=&#8221;no-extra-padding&#8221; column_padding_tablet=&#8221;inherit&#8221; column_padding_phone=&#8221;inherit&#8221; column_padding_position=&#8221;all&#8221; column_element_spacing=&#8221;default&#8221; background_color_opacity=&#8221;1&#8243; background_hover_color_opacity=&#8221;1&#8243; column_shadow=&#8221;none&#8221; column_border_radius=&#8221;none&#8221; column_link_target=&#8221;_self&#8221; gradient_direction=&#8221;left_to_right&#8221; overlay_strength=&#8221;0.3&#8243; width=&#8221;1\/1&#8243; tablet_width_inherit=&#8221;default&#8221; tablet_text_alignment=&#8221;default&#8221; phone_text_alignment=&#8221;default&#8221; bg_image_animation=&#8221;none&#8221; border_type=&#8221;simple&#8221; column_border_width=&#8221;none&#8221; column_border_style=&#8221;solid&#8221;][vc_column_text]\n<h6>Testo: Elisa Bert\u00f2, Fondazione Museo Storico del Trentino<\/h6>\n<h6>Bibliografia:<br \/>\nBaroni M., Ricordando il 200\u00b0 anniversario del passaggio di Andreas Hofer da Ala. In: I Quattro Vicariati, n. 107. 2010.<br \/>\nBertoluzza Aldo, Andrea Hofer. Il generale barbone. 1999.<br \/>\nBresciani Antonio, Sopra il Tirolo tedesco: lettere. 1844.<br \/>\nZieger Antonio, Andrea Hofer. Ricordi dell\u2019insurrezione del 1809, Archivio per l\u2019Alto Adige, vol. LIV. 1960.<\/h6>\n[\/vc_column_text][\/vc_column][\/vc_row]","protected":false},"excerpt":{"rendered":"<p>[vc_row type=&#8221;full_width_background&#8221; full_screen_row_position=&#8221;middle&#8221; column_margin=&#8221;default&#8221; column_direction=&#8221;default&#8221; column_direction_tablet=&#8221;default&#8221; column_direction_phone=&#8221;default&#8221; bg_color=&#8221;rgba(197,196,193,0.3)&#8221; scene_position=&#8221;center&#8221; top_padding=&#8221;2%&#8221; bottom_padding=&#8221;1%&#8221; text_color=&#8221;dark&#8221; text_align=&#8221;left&#8221; row_border_radius=&#8221;none&#8221; row_border_radius_applies=&#8221;bg&#8221; overlay_strength=&#8221;0.3&#8243; gradient_direction=&#8221;left_to_right&#8221; shape_divider_position=&#8221;bottom&#8221; bg_image_animation=&#8221;none&#8221; shape_type=&#8221;&#8221;][vc_column column_padding=&#8221;no-extra-padding&#8221; column_padding_tablet=&#8221;inherit&#8221; column_padding_phone=&#8221;inherit&#8221; column_padding_position=&#8221;all&#8221; column_element_spacing=&#8221;default&#8221; background_color_opacity=&#8221;1&#8243; background_hover_color_opacity=&#8221;1&#8243; column_shadow=&#8221;none&#8221; column_border_radius=&#8221;none&#8221; column_link_target=&#8221;_self&#8221;&#8230;<\/p>\n","protected":false},"author":2,"featured_media":0,"parent":0,"menu_order":12,"comment_status":"closed","ping_status":"closed","template":"","meta":[],"_links":{"self":[{"href":"https:\/\/hoferpoints.it\/it\/wp-json\/wp\/v2\/pages\/686"}],"collection":[{"href":"https:\/\/hoferpoints.it\/it\/wp-json\/wp\/v2\/pages"}],"about":[{"href":"https:\/\/hoferpoints.it\/it\/wp-json\/wp\/v2\/types\/page"}],"author":[{"embeddable":true,"href":"https:\/\/hoferpoints.it\/it\/wp-json\/wp\/v2\/users\/2"}],"replies":[{"embeddable":true,"href":"https:\/\/hoferpoints.it\/it\/wp-json\/wp\/v2\/comments?post=686"}],"version-history":[{"count":8,"href":"https:\/\/hoferpoints.it\/it\/wp-json\/wp\/v2\/pages\/686\/revisions"}],"predecessor-version":[{"id":805,"href":"https:\/\/hoferpoints.it\/it\/wp-json\/wp\/v2\/pages\/686\/revisions\/805"}],"wp:attachment":[{"href":"https:\/\/hoferpoints.it\/it\/wp-json\/wp\/v2\/media?parent=686"}],"curies":[{"name":"wp","href":"https:\/\/api.w.org\/{rel}","templated":true}]}}