{"id":598,"date":"2021-02-26T17:03:05","date_gmt":"2021-02-26T16:03:05","guid":{"rendered":"http:\/\/hoferpoints.it.w01a540f.kasserver.com\/innsbruck-hofkirche\/"},"modified":"2021-11-22T14:25:16","modified_gmt":"2021-11-22T13:25:16","slug":"la-chiesa-di-corte","status":"publish","type":"page","link":"https:\/\/hoferpoints.it\/it\/la-chiesa-di-corte\/","title":{"rendered":"Innsbruck La Chiesa di Corte"},"content":{"rendered":"[vc_row type=&#8221;full_width_background&#8221; full_screen_row_position=&#8221;middle&#8221; column_margin=&#8221;default&#8221; column_direction=&#8221;default&#8221; column_direction_tablet=&#8221;default&#8221; column_direction_phone=&#8221;default&#8221; bg_color=&#8221;rgba(197,196,193,0.3)&#8221; scene_position=&#8221;center&#8221; top_padding=&#8221;2%&#8221; bottom_padding=&#8221;1%&#8221; text_color=&#8221;dark&#8221; text_align=&#8221;left&#8221; row_border_radius=&#8221;none&#8221; row_border_radius_applies=&#8221;bg&#8221; overlay_strength=&#8221;0.3&#8243; gradient_direction=&#8221;left_to_right&#8221; shape_divider_position=&#8221;bottom&#8221; bg_image_animation=&#8221;none&#8221; shape_type=&#8221;&#8221;][vc_column column_padding=&#8221;no-extra-padding&#8221; column_padding_tablet=&#8221;inherit&#8221; column_padding_phone=&#8221;inherit&#8221; column_padding_position=&#8221;all&#8221; column_element_spacing=&#8221;default&#8221; background_color_opacity=&#8221;1&#8243; background_hover_color_opacity=&#8221;1&#8243; column_shadow=&#8221;none&#8221; column_border_radius=&#8221;none&#8221; column_link_target=&#8221;_self&#8221; gradient_direction=&#8221;left_to_right&#8221; overlay_strength=&#8221;0.3&#8243; width=&#8221;1\/1&#8243; tablet_width_inherit=&#8221;default&#8221; tablet_text_alignment=&#8221;default&#8221; phone_text_alignment=&#8221;default&#8221; bg_image_animation=&#8221;none&#8221; border_type=&#8221;simple&#8221; column_border_width=&#8221;none&#8221; column_border_style=&#8221;solid&#8221;][toggles style=&#8221;minimal_small&#8221;][toggle color=&#8221;Default&#8221; title=&#8221;Chi era Andreas Hofer?&#8221;][vc_row_inner column_margin=&#8221;default&#8221; column_direction=&#8221;default&#8221; column_direction_tablet=&#8221;default&#8221; column_direction_phone=&#8221;default&#8221; text_align=&#8221;left&#8221;][vc_column_inner column_padding=&#8221;padding-3-percent&#8221; column_padding_tablet=&#8221;inherit&#8221; column_padding_phone=&#8221;inherit&#8221; column_padding_position=&#8221;right&#8221; column_element_spacing=&#8221;default&#8221; background_color_opacity=&#8221;1&#8243; background_hover_color_opacity=&#8221;1&#8243; column_shadow=&#8221;none&#8221; column_border_radius=&#8221;none&#8221; column_link_target=&#8221;_self&#8221; gradient_direction=&#8221;left_to_right&#8221; overlay_strength=&#8221;0.3&#8243; width=&#8221;2\/3&#8243; tablet_width_inherit=&#8221;default&#8221; bg_image_animation=&#8221;none&#8221; border_type=&#8221;simple&#8221; column_border_width=&#8221;none&#8221; column_border_style=&#8221;solid&#8221;][vc_column_text][divider line_type=&#8221;no-line&#8221; custom_height=&#8221;40&#8243;]\n<p><strong>Ancora oggi, oltre 250 anni dopo la sua morte, Andreas Hofer \u00e8 considerato un eroe da molte persone in Tirolo. <\/strong><\/p>\n<p>Accanto a \u00d6tzi e a Reinhold Messner \u00e8 uno dei tirolesi pi\u00f9 famosi.<br \/>\nNacque il 22 novembre 1767 al Sandhof di San Leonardo in Passiria. Dopo un\u2019infanzia difficile divenne capitano di una compagnia degli Sch\u00fctzen in Passiria. Negli scontri contro la Baviera, che dal 1806 occupava la regione, e contro le truppe napoleoniche si guadagn\u00f2 il ruolo di <em>comandante in capo<\/em> dei tirolesi. Per tre volte riusc\u00ec a respingere il nemico soverchiante nelle principali battaglie sul Monte Isel presso Innsbruck, in parte con il sostegno delle truppe austriache. Il 15 agosto 1809 entr\u00f2 nella Hofburg di Innsbruck e per due mesi e mezzo fu reggente del Tirolo. Ma inaspettatamente, con la pace di Sch\u00f6nbrunn del 14 ottobre, l\u2019Austria fu costretta a restituire il Tirolo alla Baviera che lo aveva annesso. Hofer, che non comprendeva questa decisione, fu sconfitto in una quarta battaglia sul Monte Isel nel giorno di Ognissanti del 1809. Nelle settimane successive, dando ascolto ai compagni pi\u00f9 intransigenti, persever\u00f2 insensatamente nell\u2019ordinare di continuare a combattere. I francesi si vendicarono compiendo pesanti rappresaglie sulla popolazione. A fine novembre Hofer fugg\u00ec e si nascose nella malga Pfandler. Tradito dai suoi compatrioti, fu catturato il 27 gennaio 1810 e condotto a Merano con il figlio Johann, la moglie Anna e il segretario Kajetan Sweth. Facendo varie tappe fu poi portato a Mantova, dove, dopo un processo-farsa, fu fucilato il 20 febbraio 1810 su ordine di Napoleone. Nonostante gli si fosse presentata l\u2019occasione di fuggire, non volle coglierla, perch\u00e9 fermamente convinto di dover pagare il fio per le proprie azioni.<\/p>\n[divider line_type=&#8221;no-line&#8221; custom_height=&#8221;20&#8243;]\n<h6>Testo: Albin Pixner, MuseoPassiria<br \/>\nTraduzione italiana: Susanna Piccoli<\/h6>\n<h6>Bibliografia:<br \/>\nOberhofer Andreas, Der Andere Hofer. Der Mensch hinter dem Mythos. Schlern-Schriften. 2009.<br \/>\nRohrer Josef, Eroi &amp; Hofer. Quando Andreas Hofer fin\u00ec al museo. 2009.<\/h6>\n[\/vc_column_text][\/vc_column_inner][vc_column_inner column_padding=&#8221;padding-3-percent&#8221; column_padding_tablet=&#8221;inherit&#8221; column_padding_phone=&#8221;inherit&#8221; column_padding_position=&#8221;left&#8221; column_element_spacing=&#8221;default&#8221; background_color_opacity=&#8221;1&#8243; background_hover_color_opacity=&#8221;1&#8243; column_shadow=&#8221;none&#8221; column_border_radius=&#8221;none&#8221; column_link_target=&#8221;_self&#8221; gradient_direction=&#8221;left_to_right&#8221; overlay_strength=&#8221;0.3&#8243; width=&#8221;1\/3&#8243; tablet_width_inherit=&#8221;default&#8221; bg_image_animation=&#8221;none&#8221; border_type=&#8221;simple&#8221; column_border_width=&#8221;none&#8221; column_border_style=&#8221;solid&#8221;][image_with_animation image_url=&#8221;256&#8243; animation=&#8221;Fade In&#8221; hover_animation=&#8221;none&#8221; alignment=&#8221;&#8221; border_radius=&#8221;none&#8221; box_shadow=&#8221;none&#8221; image_loading=&#8221;default&#8221; max_width=&#8221;100%&#8221; max_width_mobile=&#8221;default&#8221;][vc_column_text css=&#8221;.vc_custom_1615535644220{padding-top: 5% !important;}&#8221;]<em>Andreas Hofer, incisione colorata di Johann Georg Schedler, 1809. <\/em><\/p>\n<h6>Foto: MuseoPassiria<\/h6>\n[\/vc_column_text][\/vc_column_inner][\/vc_row_inner][vc_column_text][\/vc_column_text][\/toggle][\/toggles][\/vc_column][\/vc_row][vc_row type=&#8221;in_container&#8221; full_screen_row_position=&#8221;middle&#8221; column_margin=&#8221;default&#8221; equal_height=&#8221;yes&#8221; content_placement=&#8221;top&#8221; column_direction=&#8221;default&#8221; column_direction_tablet=&#8221;default&#8221; column_direction_phone=&#8221;default&#8221; scene_position=&#8221;center&#8221; top_padding=&#8221;3%&#8221; text_color=&#8221;dark&#8221; text_align=&#8221;left&#8221; row_border_radius=&#8221;none&#8221; row_border_radius_applies=&#8221;bg&#8221; overlay_strength=&#8221;0.3&#8243; gradient_direction=&#8221;left_to_right&#8221; shape_divider_position=&#8221;bottom&#8221; bg_image_animation=&#8221;none&#8221; shape_type=&#8221;&#8221;][vc_column column_padding=&#8221;padding-5-percent&#8221; column_padding_tablet=&#8221;inherit&#8221; column_padding_phone=&#8221;inherit&#8221; column_padding_position=&#8221;all&#8221; column_element_spacing=&#8221;default&#8221; background_color=&#8221;rgba(197,196,193,0.3)&#8221; background_color_opacity=&#8221;1&#8243; background_hover_color_opacity=&#8221;1&#8243; column_shadow=&#8221;none&#8221; column_border_radius=&#8221;none&#8221; column_link_target=&#8221;_self&#8221; gradient_direction=&#8221;left_to_right&#8221; overlay_strength=&#8221;0.3&#8243; width=&#8221;2\/3&#8243; tablet_width_inherit=&#8221;default&#8221; tablet_text_alignment=&#8221;default&#8221; phone_text_alignment=&#8221;default&#8221; bg_image_animation=&#8221;none&#8221; border_type=&#8221;simple&#8221; column_border_width=&#8221;none&#8221; column_border_style=&#8221;solid&#8221;][vc_custom_heading text=&#8221;La Chiesa di Corte&#8221; font_container=&#8221;tag:h1|font_size:30|text_align:left&#8221; use_theme_fonts=&#8221;yes&#8221; css=&#8221;.vc_custom_1615566533544{padding-bottom: 4% !important;}&#8221;][vc_column_text]La quarta battaglia del Bergisel nel novembre 1809 si concluse con la sconfitta dei tirolesi. Hofer fugg\u00ec e si nascose con la moglie e il figlio Johann nella malga Pfandleralm ma, tradito e catturato il 28 gennaio 1810, venne condotto a Mantova dove il 20 febbraio 1810 fu giustiziato da un plotone francese. Fu sepolto nel cimitero della parrocchiale di San Michele a Mantova.[\/vc_column_text][vc_column_text]Nella notte tra l\u20198 e il 9 gennaio 1823, cinque ufficiali del 1\u00b0battaglione dei Cacciatori Imperiali tirolesi, tra cui uno degli ex compagni d\u2019armi di Hofer, Georg Hauger, che si trovavano a Mantova di ritorno dall\u2019Italia meridionale, riesumarono in gran segreto i resti di Hofer. Il parroco Antonio Bianchi conferm\u00f2 l\u2019autenticit\u00e0 delle ossa che nascoste in una cassa di munizioni vuota furono trasferite a Innsbruck in un convoglio militare passando per Trento e Bolzano, dove vennero deposte in una cassa di legno di quercia. Il 19 febbraio 1823 la bara di Hofer giunse a Innsbruck, il 21 febbraio 1823, a distanza di tredici anni dalla sua fucilazione, nella Chiesa di Corte si svolse una semplice sepoltura religiosa. Solo il 24 febbraio venne diffusa la notizia che i resti mortali di Hofer si trovavano a Innsbruck, e solo un mese dopo si pubblic\u00f2 un articolo sulla sua sepoltura.[\/vc_column_text][\/vc_column][vc_column column_padding=&#8221;no-extra-padding&#8221; column_padding_tablet=&#8221;inherit&#8221; column_padding_phone=&#8221;inherit&#8221; column_padding_position=&#8221;all&#8221; column_element_spacing=&#8221;default&#8221; background_color_opacity=&#8221;1&#8243; background_hover_color_opacity=&#8221;1&#8243; column_shadow=&#8221;none&#8221; column_border_radius=&#8221;none&#8221; column_link_target=&#8221;_self&#8221; gradient_direction=&#8221;left_to_right&#8221; overlay_strength=&#8221;0.3&#8243; width=&#8221;1\/3&#8243; tablet_width_inherit=&#8221;default&#8221; tablet_text_alignment=&#8221;default&#8221; phone_text_alignment=&#8221;default&#8221; bg_image_animation=&#8221;none&#8221; border_type=&#8221;simple&#8221; column_border_width=&#8221;none&#8221; column_border_style=&#8221;solid&#8221;][image_with_animation image_url=&#8221;406&#8243; animation=&#8221;Fade In&#8221; hover_animation=&#8221;none&#8221; alignment=&#8221;&#8221; border_radius=&#8221;none&#8221; box_shadow=&#8221;none&#8221; image_loading=&#8221;default&#8221; max_width=&#8221;100%&#8221; max_width_mobile=&#8221;default&#8221;][vc_column_text css=&#8221;.vc_custom_1615566648461{padding-top: 3% !important;}&#8221;]<em>La tomba di Andreas Hofer, eretta nel 1834.<\/em>[\/vc_column_text][vc_column_text css=&#8221;.vc_custom_1614604570846{margin-top: -5% !important;}&#8221;]\n<h6>Foto: Wolfgang Lackner<\/h6>\n[\/vc_column_text][\/vc_column][\/vc_row][vc_row type=&#8221;in_container&#8221; full_screen_row_position=&#8221;middle&#8221; column_margin=&#8221;default&#8221; equal_height=&#8221;yes&#8221; content_placement=&#8221;top&#8221; column_direction=&#8221;default&#8221; column_direction_tablet=&#8221;default&#8221; column_direction_phone=&#8221;default&#8221; scene_position=&#8221;center&#8221; bottom_padding=&#8221;1%&#8221; text_color=&#8221;dark&#8221; text_align=&#8221;left&#8221; row_border_radius=&#8221;none&#8221; row_border_radius_applies=&#8221;bg&#8221; overlay_strength=&#8221;0.3&#8243; gradient_direction=&#8221;left_to_right&#8221; shape_divider_position=&#8221;bottom&#8221; bg_image_animation=&#8221;none&#8221; shape_type=&#8221;&#8221;][vc_column column_padding=&#8221;padding-5-percent&#8221; column_padding_tablet=&#8221;inherit&#8221; column_padding_phone=&#8221;inherit&#8221; column_padding_position=&#8221;all&#8221; column_element_spacing=&#8221;default&#8221; background_color=&#8221;rgba(197,196,193,0.3)&#8221; background_color_opacity=&#8221;1&#8243; background_hover_color_opacity=&#8221;1&#8243; column_shadow=&#8221;none&#8221; column_border_radius=&#8221;none&#8221; column_link_target=&#8221;_self&#8221; gradient_direction=&#8221;left_to_right&#8221; overlay_strength=&#8221;0.3&#8243; width=&#8221;2\/3&#8243; tablet_width_inherit=&#8221;default&#8221; tablet_text_alignment=&#8221;default&#8221; phone_text_alignment=&#8221;default&#8221; bg_image_animation=&#8221;none&#8221; border_type=&#8221;simple&#8221; column_border_width=&#8221;none&#8221; column_border_style=&#8221;solid&#8221;][vc_row_inner column_margin=&#8221;default&#8221; column_direction=&#8221;default&#8221; column_direction_tablet=&#8221;default&#8221; column_direction_phone=&#8221;default&#8221; text_align=&#8221;left&#8221;][vc_column_inner column_padding=&#8221;padding-5-percent&#8221; column_padding_tablet=&#8221;inherit&#8221; column_padding_phone=&#8221;inherit&#8221; column_padding_position=&#8221;right&#8221; column_element_spacing=&#8221;default&#8221; background_color_opacity=&#8221;1&#8243; background_hover_color_opacity=&#8221;1&#8243; column_shadow=&#8221;none&#8221; column_border_radius=&#8221;none&#8221; column_link_target=&#8221;_self&#8221; gradient_direction=&#8221;left_to_right&#8221; overlay_strength=&#8221;0.3&#8243; width=&#8221;1\/2&#8243; tablet_width_inherit=&#8221;default&#8221; bg_image_animation=&#8221;none&#8221; border_type=&#8221;simple&#8221; column_border_width=&#8221;none&#8221; column_border_style=&#8221;solid&#8221;][image_with_animation image_url=&#8221;381&#8243; animation=&#8221;Fade In&#8221; hover_animation=&#8221;none&#8221; alignment=&#8221;&#8221; border_radius=&#8221;none&#8221; box_shadow=&#8221;none&#8221; image_loading=&#8221;default&#8221; max_width=&#8221;100%&#8221; max_width_mobile=&#8221;default&#8221;][vc_column_text]<em>La targa commemorativa di Hauger, che \u00e8 molto nascosta nell&#8217;originale.<\/em>[\/vc_column_text][vc_column_text css=&#8221;.vc_custom_1614604660155{margin-top: -3% !important;}&#8221;]\n<h6>Foto: Tiroler Landesmuseen<\/h6>\n[\/vc_column_text][\/vc_column_inner][vc_column_inner column_padding=&#8221;no-extra-padding&#8221; column_padding_tablet=&#8221;inherit&#8221; column_padding_phone=&#8221;inherit&#8221; column_padding_position=&#8221;left&#8221; column_element_spacing=&#8221;default&#8221; background_color_opacity=&#8221;1&#8243; background_hover_color_opacity=&#8221;1&#8243; column_shadow=&#8221;none&#8221; column_border_radius=&#8221;none&#8221; column_link_target=&#8221;_self&#8221; gradient_direction=&#8221;left_to_right&#8221; overlay_strength=&#8221;0.3&#8243; width=&#8221;1\/2&#8243; tablet_width_inherit=&#8221;default&#8221; bg_image_animation=&#8221;none&#8221; border_type=&#8221;simple&#8221; column_border_width=&#8221;none&#8221; column_border_style=&#8221;solid&#8221;][vc_column_text]Nel marzo 1823, si decise di bandire un concorso per la progettazione di un monumento a Hofer nella Chiesa di Corte. L\u2019incarico venne affidato al noto artista tirolese e professore accademico Johann Nepomuk Schaller, mentre a Joseph Klieber, anch\u2019egli insegnante all\u2019Accademia, fu commissionato il rilievo del piedistallo.[\/vc_column_text][\/vc_column_inner][\/vc_row_inner][vc_column_text]Schaller ricav\u00f2 la statua dell\u2019\u201coste della Passiria\u201d da un blocco di marmo della Val Venosta. Il monumento fu inaugurato il 5 maggio 1834. Il bassorilievo raffigurante il giuramento di fedelt\u00e0 dei Tirolesi alla bandiera venne aggiunto solo alla fine del novembre 1837: presenta Andreas Hofer nel costume nazionale, in posa eroica e col capo sollevato. Il drappo nero sulla figura di Hofer, che ancora oggi adorna il monumento, venne aggiunto in seguito, all\u2019indomani della divisione politico-territoriale del Tirolo.<br \/>\nNel 1935 le spoglie di Georg Hauger, morto a Vienna nel 1859, vennero traslate nella Chiesa di Corte e deposte accanto a quelle di Andreas Hofer.[\/vc_column_text][\/vc_column][vc_column column_padding=&#8221;no-extra-padding&#8221; column_padding_tablet=&#8221;inherit&#8221; column_padding_phone=&#8221;inherit&#8221; column_padding_position=&#8221;all&#8221; column_element_spacing=&#8221;default&#8221; background_color_opacity=&#8221;1&#8243; background_hover_color_opacity=&#8221;1&#8243; column_shadow=&#8221;none&#8221; column_border_radius=&#8221;none&#8221; column_link_target=&#8221;_self&#8221; gradient_direction=&#8221;left_to_right&#8221; overlay_strength=&#8221;0.3&#8243; width=&#8221;1\/3&#8243; tablet_width_inherit=&#8221;default&#8221; tablet_text_alignment=&#8221;default&#8221; phone_text_alignment=&#8221;default&#8221; bg_image_animation=&#8221;none&#8221; border_type=&#8221;simple&#8221; column_border_width=&#8221;none&#8221; column_border_style=&#8221;solid&#8221;][image_with_animation image_url=&#8221;382&#8243; animation=&#8221;Fade In&#8221; hover_animation=&#8221;none&#8221; alignment=&#8221;&#8221; border_radius=&#8221;none&#8221; box_shadow=&#8221;none&#8221; image_loading=&#8221;default&#8221; max_width=&#8221;100%&#8221; max_width_mobile=&#8221;default&#8221;][vc_column_text css=&#8221;.vc_custom_1615566670387{padding-top: 3% !important;}&#8221;]<em>Vista della Hofkirche con gli &#8220;Schwarzen Mandern&#8221;, dietro di essa il monumento ad Andreas Hofer. Litografia di Georg Petzold, Tiroler Landesmuseum Ferdinandeum, Biblioteca.<\/em><\/p>\n<h6>Foto: Tiroler Landesmuseen<\/h6>\n[\/vc_column_text][\/vc_column][\/vc_row][vc_row type=&#8221;full_width_background&#8221; full_screen_row_position=&#8221;middle&#8221; column_margin=&#8221;default&#8221; column_direction=&#8221;default&#8221; column_direction_tablet=&#8221;default&#8221; column_direction_phone=&#8221;default&#8221; scene_position=&#8221;center&#8221; bottom_padding=&#8221;2%&#8221; text_color=&#8221;dark&#8221; text_align=&#8221;left&#8221; row_border_radius=&#8221;none&#8221; row_border_radius_applies=&#8221;bg&#8221; overlay_strength=&#8221;0.3&#8243; gradient_direction=&#8221;left_to_right&#8221; shape_divider_position=&#8221;bottom&#8221; bg_image_animation=&#8221;none&#8221; shape_type=&#8221;&#8221;][vc_column column_padding=&#8221;no-extra-padding&#8221; column_padding_tablet=&#8221;inherit&#8221; column_padding_phone=&#8221;inherit&#8221; column_padding_position=&#8221;all&#8221; column_element_spacing=&#8221;default&#8221; background_color_opacity=&#8221;1&#8243; background_hover_color_opacity=&#8221;1&#8243; column_shadow=&#8221;none&#8221; column_border_radius=&#8221;none&#8221; column_link_target=&#8221;_self&#8221; gradient_direction=&#8221;left_to_right&#8221; overlay_strength=&#8221;0.3&#8243; width=&#8221;1\/1&#8243; tablet_width_inherit=&#8221;default&#8221; tablet_text_alignment=&#8221;default&#8221; phone_text_alignment=&#8221;default&#8221; bg_image_animation=&#8221;none&#8221; border_type=&#8221;simple&#8221; column_border_width=&#8221;none&#8221; column_border_style=&#8221;solid&#8221;][vc_column_text]\n<h6>Testo: Sonia Buchroithner, Tiroler Landesmuseen<br \/>\nTraduzione italiana: Carla Festi<\/h6>\n<h6>Bibliografia:<br \/>\nPizzinini Meinrad, Andreas Hofer. Seine Zeit \u2013 sein Leben \u2013 sein Mythos, 2010.<br \/>\nForcher Michael, Andreas Hofer und der Tiroler Freiheitskampf von 1809. Ereignisse, Hintergr\u00fcnde, Nachwirkungen, 2017.<br \/>\nOberhofer Andreas, Der Andere Hofer. Der Mensch hinter dem Mythos. Schlern-Schriften, 2009.<\/h6>\n[\/vc_column_text][\/vc_column][\/vc_row]","protected":false},"excerpt":{"rendered":"<p>[vc_row type=&#8221;full_width_background&#8221; full_screen_row_position=&#8221;middle&#8221; column_margin=&#8221;default&#8221; column_direction=&#8221;default&#8221; column_direction_tablet=&#8221;default&#8221; column_direction_phone=&#8221;default&#8221; bg_color=&#8221;rgba(197,196,193,0.3)&#8221; scene_position=&#8221;center&#8221; top_padding=&#8221;2%&#8221; bottom_padding=&#8221;1%&#8221; text_color=&#8221;dark&#8221; text_align=&#8221;left&#8221; row_border_radius=&#8221;none&#8221; row_border_radius_applies=&#8221;bg&#8221; overlay_strength=&#8221;0.3&#8243; gradient_direction=&#8221;left_to_right&#8221; shape_divider_position=&#8221;bottom&#8221; bg_image_animation=&#8221;none&#8221; shape_type=&#8221;&#8221;][vc_column column_padding=&#8221;no-extra-padding&#8221; column_padding_tablet=&#8221;inherit&#8221; column_padding_phone=&#8221;inherit&#8221; column_padding_position=&#8221;all&#8221; column_element_spacing=&#8221;default&#8221; background_color_opacity=&#8221;1&#8243; background_hover_color_opacity=&#8221;1&#8243; column_shadow=&#8221;none&#8221; column_border_radius=&#8221;none&#8221; column_link_target=&#8221;_self&#8221;&#8230;<\/p>\n","protected":false},"author":2,"featured_media":0,"parent":0,"menu_order":2,"comment_status":"closed","ping_status":"closed","template":"","meta":[],"_links":{"self":[{"href":"https:\/\/hoferpoints.it\/it\/wp-json\/wp\/v2\/pages\/598"}],"collection":[{"href":"https:\/\/hoferpoints.it\/it\/wp-json\/wp\/v2\/pages"}],"about":[{"href":"https:\/\/hoferpoints.it\/it\/wp-json\/wp\/v2\/types\/page"}],"author":[{"embeddable":true,"href":"https:\/\/hoferpoints.it\/it\/wp-json\/wp\/v2\/users\/2"}],"replies":[{"embeddable":true,"href":"https:\/\/hoferpoints.it\/it\/wp-json\/wp\/v2\/comments?post=598"}],"version-history":[{"count":4,"href":"https:\/\/hoferpoints.it\/it\/wp-json\/wp\/v2\/pages\/598\/revisions"}],"predecessor-version":[{"id":820,"href":"https:\/\/hoferpoints.it\/it\/wp-json\/wp\/v2\/pages\/598\/revisions\/820"}],"wp:attachment":[{"href":"https:\/\/hoferpoints.it\/it\/wp-json\/wp\/v2\/media?parent=598"}],"curies":[{"name":"wp","href":"https:\/\/api.w.org\/{rel}","templated":true}]}}