{"id":533,"date":"2020-03-04T12:03:57","date_gmt":"2020-03-04T11:03:57","guid":{"rendered":"http:\/\/hoferpoints.it.w01a540f.kasserver.com\/beispiel-seite\/"},"modified":"2025-02-19T08:30:01","modified_gmt":"2025-02-19T07:30:01","slug":"beispiel-seite","status":"publish","type":"page","link":"https:\/\/hoferpoints.it\/it\/","title":{"rendered":"Startseite"},"content":{"rendered":"[vc_row type=&#8221;full_width_content&#8221; full_screen_row_position=&#8221;middle&#8221; column_margin=&#8221;default&#8221; column_direction=&#8221;default&#8221; column_direction_tablet=&#8221;default&#8221; column_direction_phone=&#8221;default&#8221; bg_color=&#8221;#716e67&#8243; scene_position=&#8221;center&#8221; text_color=&#8221;dark&#8221; text_align=&#8221;left&#8221; row_border_radius=&#8221;none&#8221; row_border_radius_applies=&#8221;bg&#8221; overflow=&#8221;visible&#8221; overlay_strength=&#8221;0.3&#8243; gradient_direction=&#8221;left_to_right&#8221; enable_shape_divider=&#8221;true&#8221; shape_divider_color=&#8221;#403b32&#8243; shape_divider_position=&#8221;bottom&#8221; shape_divider_height=&#8221;300&#8243; shape_divider_bring_to_front=&#8221;true&#8221; bg_image_animation=&#8221;none&#8221; shape_type=&#8221;curve&#8221;][vc_column column_padding=&#8221;no-extra-padding&#8221; column_padding_tablet=&#8221;inherit&#8221; column_padding_phone=&#8221;inherit&#8221; column_padding_position=&#8221;all&#8221; column_element_direction_desktop=&#8221;default&#8221; column_element_spacing=&#8221;default&#8221; desktop_text_alignment=&#8221;default&#8221; tablet_text_alignment=&#8221;default&#8221; phone_text_alignment=&#8221;default&#8221; background_color_opacity=&#8221;1&#8243; background_hover_color_opacity=&#8221;1&#8243; column_backdrop_filter=&#8221;none&#8221; column_shadow=&#8221;none&#8221; column_border_radius=&#8221;none&#8221; column_link_target=&#8221;_self&#8221; column_position=&#8221;default&#8221; gradient_direction=&#8221;left_to_right&#8221; overlay_strength=&#8221;0.3&#8243; width=&#8221;1\/1&#8243; tablet_width_inherit=&#8221;default&#8221; animation_type=&#8221;default&#8221; bg_image_animation=&#8221;none&#8221; border_type=&#8221;simple&#8221; column_border_width=&#8221;none&#8221; column_border_style=&#8221;solid&#8221; offset=&#8221;vc_hidden-sm vc_hidden-xs&#8221;][nectar_gmap map_type=&#8221;leaflet&#8221; zoom=&#8221;9&#8243; marker_style=&#8221;default&#8221; color=&#8221;accent-color&#8221; size=&#8221;1100&#8243; map_center_lat=&#8221;46.374779&#8243; map_center_lng=&#8221;11.121749&#8243; map_markers=&#8221;47.268399|11.395377|Innsbruck<br \/>\n47.249058|11.399484|Bergisel<br \/>\n46.812860|11.245723|San Leonardo<br \/>\n46.671294|11.152518|Merano<br \/>\n46.498295|11.354758|Bolzano<br \/>\n46.364508|11.035505|Cles<br \/>\n46.368957|11.106420|San Romedio<br \/>\n46.311590|11.272514|Egna<br \/>\n45.965391|10.811459|Ballino<br \/>\n45.851389|10.978786|Mori<br \/>\n46.391689|11.058712|Rev\u00f2<br \/>\n46.140842|11.112493|Lavis<br \/>\n46.031342|10.722728|Tione<br \/>\n45.762564|11.005173|Ala<br \/>\n45.157494|10.7891723|Mantova<br \/>\n45.917941|11.063927|Volano<br \/>\n46.312589|11.602437|Predazzo<br \/>\n46.080218|11.001409|Vezzano<br \/>\n45.889198|10.843070|Riva del Garda&#8221;][\/vc_column][\/vc_row][vc_row type=&#8221;full_width_content&#8221; full_screen_row_position=&#8221;middle&#8221; column_margin=&#8221;default&#8221; column_direction=&#8221;default&#8221; column_direction_tablet=&#8221;default&#8221; column_direction_phone=&#8221;default&#8221; scene_position=&#8221;center&#8221; text_color=&#8221;dark&#8221; text_align=&#8221;left&#8221; row_border_radius=&#8221;none&#8221; row_border_radius_applies=&#8221;bg&#8221; overflow=&#8221;visible&#8221; overlay_strength=&#8221;0.3&#8243; gradient_direction=&#8221;left_to_right&#8221; enable_shape_divider=&#8221;true&#8221; shape_divider_color=&#8221;#403b32&#8243; shape_divider_position=&#8221;bottom&#8221; shape_divider_height=&#8221;50&#8243; shape_divider_bring_to_front=&#8221;true&#8221; bg_image_animation=&#8221;none&#8221; shape_type=&#8221;curve&#8221;][vc_column column_padding=&#8221;no-extra-padding&#8221; column_padding_tablet=&#8221;inherit&#8221; column_padding_phone=&#8221;inherit&#8221; column_padding_position=&#8221;all&#8221; column_element_direction_desktop=&#8221;default&#8221; column_element_spacing=&#8221;default&#8221; desktop_text_alignment=&#8221;default&#8221; tablet_text_alignment=&#8221;default&#8221; phone_text_alignment=&#8221;default&#8221; background_color_opacity=&#8221;1&#8243; background_hover_color_opacity=&#8221;1&#8243; column_backdrop_filter=&#8221;none&#8221; column_shadow=&#8221;none&#8221; column_border_radius=&#8221;none&#8221; column_link_target=&#8221;_self&#8221; column_position=&#8221;default&#8221; gradient_direction=&#8221;left_to_right&#8221; overlay_strength=&#8221;0.3&#8243; width=&#8221;1\/1&#8243; tablet_width_inherit=&#8221;default&#8221; animation_type=&#8221;default&#8221; bg_image_animation=&#8221;none&#8221; border_type=&#8221;simple&#8221; column_border_width=&#8221;none&#8221; column_border_style=&#8221;solid&#8221; offset=&#8221;vc_hidden-lg vc_hidden-md&#8221;][nectar_gmap map_type=&#8221;leaflet&#8221; zoom=&#8221;8&#8243; marker_style=&#8221;default&#8221; color=&#8221;accent-color&#8221; size=&#8221;350&#8243; map_center_lat=&#8221;46.274779&#8243; map_center_lng=&#8221;11.121749&#8243; map_markers=&#8221;47.268399|11.395377|Innsbruck<br \/>\n47.249058|11.399484|Bergisel<br \/>\n46.812860|11.245723|San Leonardo<br \/>\n46.671294|11.152518|Merano<br \/>\n46.498295|11.354758|Bolzano<br \/>\n46.364508|11.035505|Cles<br \/>\n46.368957|11.106420|San Romedio<br \/>\n46.311590|11.272514|Egna<br \/>\n45.965391|10.811459|Ballino<br \/>\n45.851389|10.978786|Mori<br \/>\n46.391689|11.058712|Rev\u00f2<br \/>\n46.140842|11.112493|Lavis<br \/>\n46.031342|10.722728|Tione<br \/>\n45.762564|11.005173|Ala<br \/>\n45.157494|10.7891723|Mantova<br \/>\n45.917941|11.063927|Volano<br \/>\n46.312589|11.602437|Predazzo<br \/>\n46.080218|11.001409|Vezzano<br \/>\n45.889198|10.843070|Riva del Garda&#8221;][\/vc_column][\/vc_row][vc_row type=&#8221;full_width_background&#8221; full_screen_row_position=&#8221;middle&#8221; column_margin=&#8221;default&#8221; column_direction=&#8221;default&#8221; column_direction_tablet=&#8221;default&#8221; column_direction_phone=&#8221;default&#8221; bg_color=&#8221;#403b32&#8243; scene_position=&#8221;center&#8221; top_padding=&#8221;-25%&#8221; bottom_padding=&#8221;8%&#8221; text_color=&#8221;dark&#8221; text_align=&#8221;left&#8221; row_border_radius=&#8221;none&#8221; row_border_radius_applies=&#8221;bg&#8221; overflow=&#8221;visible&#8221; overlay_strength=&#8221;0.3&#8243; gradient_direction=&#8221;left_to_right&#8221; shape_divider_position=&#8221;bottom&#8221; bg_image_animation=&#8221;none&#8221; shape_type=&#8221;&#8221;][vc_column column_padding=&#8221;no-extra-padding&#8221; column_padding_tablet=&#8221;inherit&#8221; column_padding_phone=&#8221;inherit&#8221; column_padding_position=&#8221;left-right&#8221; column_element_direction_desktop=&#8221;default&#8221; column_element_spacing=&#8221;default&#8221; centered_text=&#8221;true&#8221; desktop_text_alignment=&#8221;default&#8221; tablet_text_alignment=&#8221;default&#8221; phone_text_alignment=&#8221;default&#8221; background_color_opacity=&#8221;1&#8243; background_hover_color_opacity=&#8221;1&#8243; column_backdrop_filter=&#8221;none&#8221; font_color=&#8221;#ffffff&#8221; column_shadow=&#8221;none&#8221; column_border_radius=&#8221;none&#8221; column_link_target=&#8221;_self&#8221; column_position=&#8221;default&#8221; gradient_direction=&#8221;left_to_right&#8221; overlay_strength=&#8221;0.3&#8243; width=&#8221;1\/6&#8243; tablet_width_inherit=&#8221;default&#8221; animation_type=&#8221;default&#8221; bg_image_animation=&#8221;none&#8221; border_type=&#8221;simple&#8221; column_border_width=&#8221;none&#8221; column_border_style=&#8221;solid&#8221;][\/vc_column][vc_column column_padding=&#8221;padding-3-percent&#8221; column_padding_tablet=&#8221;inherit&#8221; column_padding_phone=&#8221;inherit&#8221; column_padding_position=&#8221;left-right&#8221; column_element_direction_desktop=&#8221;default&#8221; column_element_spacing=&#8221;default&#8221; centered_text=&#8221;true&#8221; desktop_text_alignment=&#8221;default&#8221; tablet_text_alignment=&#8221;default&#8221; phone_text_alignment=&#8221;default&#8221; background_color_opacity=&#8221;1&#8243; background_hover_color_opacity=&#8221;1&#8243; column_backdrop_filter=&#8221;none&#8221; font_color=&#8221;#ffffff&#8221; column_shadow=&#8221;none&#8221; column_border_radius=&#8221;none&#8221; column_link_target=&#8221;_self&#8221; column_position=&#8221;default&#8221; gradient_direction=&#8221;left_to_right&#8221; overlay_strength=&#8221;0.3&#8243; width=&#8221;2\/3&#8243; tablet_width_inherit=&#8221;default&#8221; animation_type=&#8221;default&#8221; bg_image_animation=&#8221;none&#8221; border_type=&#8221;simple&#8221; column_border_width=&#8221;none&#8221; column_border_style=&#8221;solid&#8221;][vc_custom_heading text=&#8221;Andreas Hofer&#8221; font_container=&#8221;tag:h1|text_align:center|color:%23ffffff&#8221; use_theme_fonts=&#8221;yes&#8221; css_animation=&#8221;none&#8221;][vc_custom_heading text=&#8221;WAR HIER . ERA QUI . WAS HERE&#8221; font_container=&#8221;tag:h2|text_align:center|color:%23ffffff&#8221; use_theme_fonts=&#8221;yes&#8221; css_animation=&#8221;none&#8221; css=&#8221;.vc_custom_1594987774428{padding-bottom: 3% !important;}&#8221;][divider line_type=&#8221;Small Line&#8221; line_alignment=&#8221;default&#8221; line_thickness=&#8221;3&#8243; divider_color=&#8221;accent-color&#8221; animate=&#8221;yes&#8221; custom_line_width=&#8221;150&#8243; delay=&#8221;50&#8243;][vc_column_text css=&#8221;.vc_custom_1615534734199{padding-top: 3% !important;}&#8221;]\n<p style=\"text-align: center;\"><strong>Quali erano i luoghi preferiti dove Andreas Hofer amava fermarsi?\u00a0<\/strong><br \/>\n<strong>Dove trascorse la notte\u00a0come prigioniero il <em>Comandante in capo del Tirolo<\/em>\u00a0nel 1810?\u00a0<\/strong><\/p>\n<p style=\"text-align: center;\">HOFER \u00c8 STATO QUI vi porta in luoghi particolari che oltre 200 anni fa ebbero un ruolo importante nella vita dell\u2019eroe popolare tirolese.<\/p>\n[\/vc_column_text][\/vc_column][vc_column column_padding=&#8221;no-extra-padding&#8221; column_padding_tablet=&#8221;inherit&#8221; column_padding_phone=&#8221;inherit&#8221; column_padding_position=&#8221;all&#8221; column_element_direction_desktop=&#8221;default&#8221; column_element_spacing=&#8221;default&#8221; desktop_text_alignment=&#8221;default&#8221; tablet_text_alignment=&#8221;default&#8221; phone_text_alignment=&#8221;default&#8221; background_color_opacity=&#8221;1&#8243; background_hover_color_opacity=&#8221;1&#8243; column_backdrop_filter=&#8221;none&#8221; column_shadow=&#8221;none&#8221; column_border_radius=&#8221;none&#8221; column_link_target=&#8221;_self&#8221; column_position=&#8221;default&#8221; gradient_direction=&#8221;left_to_right&#8221; overlay_strength=&#8221;0.3&#8243; width=&#8221;1\/6&#8243; tablet_width_inherit=&#8221;default&#8221; animation_type=&#8221;default&#8221; bg_image_animation=&#8221;none&#8221; border_type=&#8221;simple&#8221; column_border_width=&#8221;none&#8221; column_border_style=&#8221;solid&#8221;][\/vc_column][\/vc_row][vc_row type=&#8221;full_width_content&#8221; full_screen_row_position=&#8221;middle&#8221; column_margin=&#8221;default&#8221; equal_height=&#8221;yes&#8221; content_placement=&#8221;middle&#8221; column_direction=&#8221;default&#8221; column_direction_tablet=&#8221;default&#8221; column_direction_phone=&#8221;default&#8221; scene_position=&#8221;center&#8221; text_color=&#8221;light&#8221; text_align=&#8221;left&#8221; row_border_radius=&#8221;none&#8221; row_border_radius_applies=&#8221;bg&#8221; overflow=&#8221;visible&#8221; overlay_strength=&#8221;0.3&#8243; gradient_direction=&#8221;left_to_right&#8221; shape_divider_position=&#8221;bottom&#8221; bg_image_animation=&#8221;none&#8221; shape_type=&#8221;&#8221;][vc_column column_padding=&#8221;padding-6-percent&#8221; column_padding_tablet=&#8221;inherit&#8221; column_padding_phone=&#8221;inherit&#8221; column_padding_position=&#8221;all&#8221; column_element_direction_desktop=&#8221;default&#8221; column_element_spacing=&#8221;default&#8221; desktop_text_alignment=&#8221;default&#8221; tablet_text_alignment=&#8221;default&#8221; phone_text_alignment=&#8221;default&#8221; background_color=&#8221;#716e67&#8243; background_color_opacity=&#8221;1&#8243; background_hover_color_opacity=&#8221;1&#8243; background_image=&#8221;5364&#8243; background_image_position=&#8221;center center&#8221; background_image_stacking=&#8221;default&#8221; background_image_loading=&#8221;default&#8221; column_backdrop_filter=&#8221;none&#8221; column_shadow=&#8221;none&#8221; column_border_radius=&#8221;none&#8221; column_link_target=&#8221;_self&#8221; column_position=&#8221;default&#8221; gradient_direction=&#8221;left_to_right&#8221; overlay_strength=&#8221;0.3&#8243; width=&#8221;1\/2&#8243; tablet_width_inherit=&#8221;default&#8221; animation_type=&#8221;default&#8221; bg_image_animation=&#8221;none&#8221; border_type=&#8221;simple&#8221; column_border_width=&#8221;none&#8221; column_border_style=&#8221;solid&#8221;][vc_column_text]\n<h3>Chi era Andreas Hofer?<\/h3>\n[divider line_type=&#8221;no-line&#8221; custom_height=&#8221;40&#8243;]\n<p><strong>Ancora oggi, oltre 250 anni dopo la sua morte, Andreas Hofer \u00e8 considerato un eroe da molte persone in Tirolo.<\/strong><\/p>\n<p>Accanto a \u00d6tzi e a Reinhold Messner \u00e8 uno dei tirolesi pi\u00f9 famosi.<br \/>\nNacque il 22 novembre 1767 al Sandhof di San Leonardo in Passiria. Dopo un\u2019infanzia difficile divenne capitano di una compagnia degli Sch\u00fctzen in Passiria. Negli scontri contro la Baviera, che dal 1806 occupava la regione, e contro le truppe napoleoniche si guadagn\u00f2 il ruolo di comandante in capo dei tirolesi. Per tre volte riusc\u00ec a respingere il nemico soverchiante nelle principali battaglie sul Monte Isel presso Innsbruck, in parte con il sostegno delle truppe austriache. Il 15 agosto 1809 entr\u00f2 nella Hofburg di Innsbruck e per due mesi e mezzo fu reggente del Tirolo. Ma inaspettatamente, con la pace di Sch\u00f6nbrunn del 14 ottobre, l\u2019Austria fu costretta a restituire il Tirolo alla Baviera che lo aveva annesso. Hofer, che non comprendeva questa decisione, fu sconfitto in una quarta battaglia sul Monte Isel nel giorno di Ognissanti del 1809. Nelle settimane successive, dando ascolto ai compagni pi\u00f9 intransigenti, persever\u00f2 insensatamente nell\u2019ordinare di continuare a combattere. I francesi si vendicarono compiendo pesanti rappresaglie sulla popolazione. A fine novembre Hofer fugg\u00ec e si nascose nella malga Pfandler. Tradito dai suoi compatrioti, fu catturato il 27 gennaio 1810 e condotto a Merano con il figlio Johann, la moglie Anna e il segretario Kajetan Sweth. Facendo varie tappe fu poi portato a Mantova, dove, dopo un processo-farsa, fu fucilato il 20 febbraio 1810 su ordine di Napoleone. Nonostante gli si fosse presentata l\u2019occasione di fuggire, non volle coglierla, perch\u00e9 fermamente convinto di dover pagare il fio per le proprie azioni.<\/p>\n[divider line_type=&#8221;no-line&#8221; custom_height=&#8221;40&#8243;]\n<h6>Andreas Hofer, incisione colorata di Johann Georg Schedler, 1809.<br \/>\nFoto: MuseoPassiria<\/h6>\n<h6>Testo: Albin Pixner, MuseoPassiria<br \/>\nTraduzione italiana: Susanna Piccoli<\/h6>\n<h6>Bibliografia:<br \/>\nOberhofer Andreas, Der Andere Hofer. Der Mensch hinter dem Mythos. Schlern-Schriften. 2009.<br \/>\nRohrer Josef, Eroi &amp; Hofer. Quando Andreas Hofer fin\u00ec al museo. 2009.<\/h6>\n[\/vc_column_text][\/vc_column][vc_column column_padding=&#8221;padding-10-percent&#8221; column_padding_tablet=&#8221;inherit&#8221; column_padding_phone=&#8221;inherit&#8221; column_padding_position=&#8221;all&#8221; column_element_direction_desktop=&#8221;default&#8221; column_element_spacing=&#8221;default&#8221; desktop_text_alignment=&#8221;default&#8221; tablet_text_alignment=&#8221;default&#8221; phone_text_alignment=&#8221;default&#8221; background_color_opacity=&#8221;1&#8243; background_hover_color_opacity=&#8221;0.9&#8243; background_image=&#8221;270&#8243; background_image_position=&#8221;center center&#8221; background_image_stacking=&#8221;default&#8221; enable_bg_scale=&#8221;true&#8221; background_image_loading=&#8221;default&#8221; column_backdrop_filter=&#8221;none&#8221; column_shadow=&#8221;none&#8221; column_border_radius=&#8221;none&#8221; column_link_target=&#8221;_self&#8221; column_position=&#8221;default&#8221; gradient_direction=&#8221;left_to_right&#8221; overlay_strength=&#8221;0.3&#8243; width=&#8221;1\/2&#8243; tablet_width_inherit=&#8221;default&#8221; animation_type=&#8221;default&#8221; bg_image_animation=&#8221;none&#8221; border_type=&#8221;simple&#8221; column_border_width=&#8221;none&#8221; column_border_style=&#8221;solid&#8221;][divider line_type=&#8221;No Line&#8221; custom_height=&#8221;300&#8243;][\/vc_column][\/vc_row]","protected":false},"excerpt":{"rendered":"<p>[vc_row type=&#8221;full_width_content&#8221; full_screen_row_position=&#8221;middle&#8221; column_margin=&#8221;default&#8221; column_direction=&#8221;default&#8221; column_direction_tablet=&#8221;default&#8221; column_direction_phone=&#8221;default&#8221; bg_color=&#8221;#716e67&#8243; scene_position=&#8221;center&#8221; text_color=&#8221;dark&#8221; text_align=&#8221;left&#8221; row_border_radius=&#8221;none&#8221; row_border_radius_applies=&#8221;bg&#8221; overflow=&#8221;visible&#8221; overlay_strength=&#8221;0.3&#8243; gradient_direction=&#8221;left_to_right&#8221; enable_shape_divider=&#8221;true&#8221; shape_divider_color=&#8221;#403b32&#8243; shape_divider_position=&#8221;bottom&#8221; shape_divider_height=&#8221;300&#8243; shape_divider_bring_to_front=&#8221;true&#8221; bg_image_animation=&#8221;none&#8221; shape_type=&#8221;curve&#8221;][vc_column column_padding=&#8221;no-extra-padding&#8221; column_padding_tablet=&#8221;inherit&#8221; column_padding_phone=&#8221;inherit&#8221; column_padding_position=&#8221;all&#8221; column_element_direction_desktop=&#8221;default&#8221; column_element_spacing=&#8221;default&#8221; desktop_text_alignment=&#8221;default&#8221;&#8230;<\/p>\n","protected":false},"author":1,"featured_media":0,"parent":0,"menu_order":0,"comment_status":"closed","ping_status":"open","template":"","meta":[],"_links":{"self":[{"href":"https:\/\/hoferpoints.it\/it\/wp-json\/wp\/v2\/pages\/533"}],"collection":[{"href":"https:\/\/hoferpoints.it\/it\/wp-json\/wp\/v2\/pages"}],"about":[{"href":"https:\/\/hoferpoints.it\/it\/wp-json\/wp\/v2\/types\/page"}],"author":[{"embeddable":true,"href":"https:\/\/hoferpoints.it\/it\/wp-json\/wp\/v2\/users\/1"}],"replies":[{"embeddable":true,"href":"https:\/\/hoferpoints.it\/it\/wp-json\/wp\/v2\/comments?post=533"}],"version-history":[{"count":11,"href":"https:\/\/hoferpoints.it\/it\/wp-json\/wp\/v2\/pages\/533\/revisions"}],"predecessor-version":[{"id":1086,"href":"https:\/\/hoferpoints.it\/it\/wp-json\/wp\/v2\/pages\/533\/revisions\/1086"}],"wp:attachment":[{"href":"https:\/\/hoferpoints.it\/it\/wp-json\/wp\/v2\/media?parent=533"}],"curies":[{"name":"wp","href":"https:\/\/api.w.org\/{rel}","templated":true}]}}