{"id":1065,"date":"2025-02-18T12:43:16","date_gmt":"2025-02-18T11:43:16","guid":{"rendered":"https:\/\/hoferpoints.it\/riva-del-garda\/"},"modified":"2025-02-19T08:27:56","modified_gmt":"2025-02-19T07:27:56","slug":"riva-del-garda","status":"publish","type":"page","link":"https:\/\/hoferpoints.it\/it\/riva-del-garda\/","title":{"rendered":"Riva del Garda"},"content":{"rendered":"[vc_row type=&#8221;full_width_background&#8221; full_screen_row_position=&#8221;middle&#8221; column_margin=&#8221;default&#8221; column_direction=&#8221;default&#8221; column_direction_tablet=&#8221;default&#8221; column_direction_phone=&#8221;default&#8221; bg_color=&#8221;rgba(197,196,193,0.3)&#8221; scene_position=&#8221;center&#8221; top_padding=&#8221;2%&#8221; bottom_padding=&#8221;1%&#8221; text_color=&#8221;dark&#8221; text_align=&#8221;left&#8221; row_border_radius=&#8221;none&#8221; row_border_radius_applies=&#8221;bg&#8221; overflow=&#8221;visible&#8221; overlay_strength=&#8221;0.3&#8243; gradient_direction=&#8221;left_to_right&#8221; shape_divider_position=&#8221;bottom&#8221; bg_image_animation=&#8221;none&#8221; shape_type=&#8221;&#8221;][vc_column column_padding=&#8221;no-extra-padding&#8221; column_padding_tablet=&#8221;inherit&#8221; column_padding_phone=&#8221;inherit&#8221; column_padding_position=&#8221;all&#8221; column_element_direction_desktop=&#8221;default&#8221; column_element_spacing=&#8221;default&#8221; desktop_text_alignment=&#8221;default&#8221; tablet_text_alignment=&#8221;default&#8221; phone_text_alignment=&#8221;default&#8221; background_color_opacity=&#8221;1&#8243; background_hover_color_opacity=&#8221;1&#8243; column_backdrop_filter=&#8221;none&#8221; column_shadow=&#8221;none&#8221; column_border_radius=&#8221;none&#8221; column_link_target=&#8221;_self&#8221; column_position=&#8221;default&#8221; gradient_direction=&#8221;left_to_right&#8221; overlay_strength=&#8221;0.3&#8243; width=&#8221;1\/1&#8243; tablet_width_inherit=&#8221;default&#8221; animation_type=&#8221;default&#8221; bg_image_animation=&#8221;none&#8221; border_type=&#8221;simple&#8221; column_border_width=&#8221;none&#8221; column_border_style=&#8221;solid&#8221;][toggles style=&#8221;minimal_small&#8221;][toggle color=&#8221;Default&#8221; heading_tag=&#8221;default&#8221; heading_tag_functionality=&#8221;default&#8221; title=&#8221;Chi era Andreas Hofer?&#8221;][vc_row_inner column_margin=&#8221;default&#8221; column_direction=&#8221;default&#8221; column_direction_tablet=&#8221;default&#8221; column_direction_phone=&#8221;default&#8221; text_align=&#8221;left&#8221; row_position=&#8221;default&#8221; row_position_tablet=&#8221;inherit&#8221; row_position_phone=&#8221;inherit&#8221; overflow=&#8221;visible&#8221; pointer_events=&#8221;all&#8221;][vc_column_inner column_padding=&#8221;padding-3-percent&#8221; column_padding_tablet=&#8221;inherit&#8221; column_padding_phone=&#8221;inherit&#8221; column_padding_position=&#8221;right&#8221; column_element_direction_desktop=&#8221;default&#8221; column_element_spacing=&#8221;default&#8221; desktop_text_alignment=&#8221;default&#8221; tablet_text_alignment=&#8221;default&#8221; phone_text_alignment=&#8221;default&#8221; background_color_opacity=&#8221;1&#8243; background_hover_color_opacity=&#8221;1&#8243; column_backdrop_filter=&#8221;none&#8221; column_shadow=&#8221;none&#8221; column_border_radius=&#8221;none&#8221; column_link_target=&#8221;_self&#8221; overflow=&#8221;visible&#8221; gradient_direction=&#8221;left_to_right&#8221; overlay_strength=&#8221;0.3&#8243; width=&#8221;2\/3&#8243; tablet_width_inherit=&#8221;default&#8221; animation_type=&#8221;default&#8221; bg_image_animation=&#8221;none&#8221; border_type=&#8221;simple&#8221; column_border_width=&#8221;none&#8221; column_border_style=&#8221;solid&#8221;][vc_column_text][divider line_type=&#8221;no-line&#8221; custom_height=&#8221;40&#8243;]\n<p><strong>Ancora oggi, oltre 250 anni dopo la sua morte, Andreas Hofer \u00e8 considerato un eroe da molte persone in Tirolo. <\/strong><\/p>\n<p>Accanto a \u00d6tzi e a Reinhold Messner \u00e8 uno dei tirolesi pi\u00f9 famosi.<br \/>\nNacque il 22 novembre 1767 al Sandhof di San Leonardo in Passiria. Dopo un\u2019infanzia difficile divenne capitano di una compagnia degli Sch\u00fctzen in Passiria. Negli scontri contro la Baviera, che dal 1806 occupava la regione, e contro le truppe napoleoniche si guadagn\u00f2 il ruolo di <em>comandante in capo<\/em> dei tirolesi. Per tre volte riusc\u00ec a respingere il nemico soverchiante nelle principali battaglie sul Monte Isel presso Innsbruck, in parte con il sostegno delle truppe austriache. Il 15 agosto 1809 entr\u00f2 nella Hofburg di Innsbruck e per due mesi e mezzo fu reggente del Tirolo. Ma inaspettatamente, con la pace di Sch\u00f6nbrunn del 14 ottobre, l\u2019Austria fu costretta a restituire il Tirolo alla Baviera che lo aveva annesso. Hofer, che non comprendeva questa decisione, fu sconfitto in una quarta battaglia sul Monte Isel nel giorno di Ognissanti del 1809. Nelle settimane successive, dando ascolto ai compagni pi\u00f9 intransigenti, persever\u00f2 insensatamente nell\u2019ordinare di continuare a combattere. I francesi si vendicarono compiendo pesanti rappresaglie sulla popolazione. A fine novembre Hofer fugg\u00ec e si nascose nella malga Pfandler. Tradito dai suoi compatrioti, fu catturato il 27 gennaio 1810 e condotto a Merano con il figlio Johann, la moglie Anna e il segretario Kajetan Sweth. Facendo varie tappe fu poi portato a Mantova, dove, dopo un processo-farsa, fu fucilato il 20 febbraio 1810 su ordine di Napoleone. Nonostante gli si fosse presentata l\u2019occasione di fuggire, non volle coglierla, perch\u00e9 fermamente convinto di dover pagare il fio per le proprie azioni.<\/p>\n[divider line_type=&#8221;no-line&#8221; custom_height=&#8221;20&#8243;]\n<h6>Testo: Albin Pixner, MuseoPassiria<br \/>\nTraduzione italiana: Susanna Piccoli<\/h6>\n<h6>Bibliografia:<br \/>\nOberhofer Andreas, Der Andere Hofer. Der Mensch hinter dem Mythos. Schlern-Schriften. 2009.<br \/>\nRohrer Josef, Eroi &amp; Hofer. Quando Andreas Hofer fin\u00ec al museo. 2009.<\/h6>\n[\/vc_column_text][\/vc_column_inner][vc_column_inner column_padding=&#8221;padding-3-percent&#8221; column_padding_tablet=&#8221;inherit&#8221; column_padding_phone=&#8221;inherit&#8221; column_padding_position=&#8221;left&#8221; column_element_direction_desktop=&#8221;default&#8221; column_element_spacing=&#8221;default&#8221; desktop_text_alignment=&#8221;default&#8221; tablet_text_alignment=&#8221;default&#8221; phone_text_alignment=&#8221;default&#8221; background_color_opacity=&#8221;1&#8243; background_hover_color_opacity=&#8221;1&#8243; column_backdrop_filter=&#8221;none&#8221; column_shadow=&#8221;none&#8221; column_border_radius=&#8221;none&#8221; column_link_target=&#8221;_self&#8221; overflow=&#8221;visible&#8221; gradient_direction=&#8221;left_to_right&#8221; overlay_strength=&#8221;0.3&#8243; width=&#8221;1\/3&#8243; tablet_width_inherit=&#8221;default&#8221; animation_type=&#8221;default&#8221; bg_image_animation=&#8221;none&#8221; border_type=&#8221;simple&#8221; column_border_width=&#8221;none&#8221; column_border_style=&#8221;solid&#8221;][image_with_animation image_url=&#8221;256&#8243; image_size=&#8221;full&#8221; animation_type=&#8221;entrance&#8221; animation=&#8221;Fade In&#8221; animation_easing=&#8221;default&#8221; animation_movement_type=&#8221;transform_y&#8221; hover_animation=&#8221;none&#8221; alignment=&#8221;&#8221; border_radius=&#8221;none&#8221; box_shadow=&#8221;none&#8221; image_loading=&#8221;default&#8221; max_width=&#8221;100%&#8221; max_width_mobile=&#8221;default&#8221;][vc_column_text css=&#8221;.vc_custom_1615535644220{padding-top: 5% !important;}&#8221;]<em>Andreas Hofer, incisione colorata di Johann Georg Schedler, 1809. <\/em><\/p>\n<h6>Foto: MuseoPassiria<\/h6>\n[\/vc_column_text][\/vc_column_inner][\/vc_row_inner][vc_column_text][\/vc_column_text][\/toggle][\/toggles][\/vc_column][\/vc_row][vc_row type=&#8221;in_container&#8221; full_screen_row_position=&#8221;middle&#8221; column_margin=&#8221;default&#8221; column_direction=&#8221;default&#8221; column_direction_tablet=&#8221;default&#8221; column_direction_phone=&#8221;default&#8221; scene_position=&#8221;center&#8221; top_padding=&#8221;3%&#8221; bottom_padding=&#8221;1%&#8221; text_color=&#8221;dark&#8221; text_align=&#8221;left&#8221; row_border_radius=&#8221;none&#8221; row_border_radius_applies=&#8221;bg&#8221; overflow=&#8221;visible&#8221; overlay_strength=&#8221;0.3&#8243; gradient_direction=&#8221;left_to_right&#8221; shape_divider_position=&#8221;bottom&#8221; bg_image_animation=&#8221;none&#8221; gradient_type=&#8221;default&#8221; shape_type=&#8221;&#8221;][vc_column column_padding=&#8221;no-extra-padding&#8221; column_padding_tablet=&#8221;inherit&#8221; column_padding_phone=&#8221;inherit&#8221; column_padding_position=&#8221;all&#8221; column_element_direction_desktop=&#8221;default&#8221; column_element_spacing=&#8221;default&#8221; desktop_text_alignment=&#8221;default&#8221; tablet_text_alignment=&#8221;default&#8221; phone_text_alignment=&#8221;default&#8221; background_color_opacity=&#8221;1&#8243; background_hover_color_opacity=&#8221;1&#8243; column_backdrop_filter=&#8221;none&#8221; column_shadow=&#8221;none&#8221; column_border_radius=&#8221;none&#8221; column_link_target=&#8221;_self&#8221; column_position=&#8221;default&#8221; gradient_direction=&#8221;left_to_right&#8221; overlay_strength=&#8221;0.3&#8243; width=&#8221;1\/1&#8243; tablet_width_inherit=&#8221;default&#8221; animation_type=&#8221;default&#8221; bg_image_animation=&#8221;none&#8221; border_type=&#8221;simple&#8221; column_border_width=&#8221;none&#8221; column_border_style=&#8221;solid&#8221;][vc_row_inner column_margin=&#8221;70px&#8221; column_direction=&#8221;default&#8221; column_direction_tablet=&#8221;default&#8221; column_direction_phone=&#8221;default&#8221; text_align=&#8221;left&#8221; row_position=&#8221;default&#8221; row_position_tablet=&#8221;inherit&#8221; row_position_phone=&#8221;inherit&#8221; overflow=&#8221;visible&#8221; pointer_events=&#8221;all&#8221;][vc_column_inner column_padding=&#8221;padding-5-percent&#8221; column_padding_tablet=&#8221;inherit&#8221; column_padding_phone=&#8221;inherit&#8221; column_padding_position=&#8221;all&#8221; column_element_direction_desktop=&#8221;default&#8221; column_element_spacing=&#8221;default&#8221; desktop_text_alignment=&#8221;default&#8221; tablet_text_alignment=&#8221;default&#8221; phone_text_alignment=&#8221;default&#8221; background_color=&#8221;rgba(197,196,193,0.3)&#8221; background_color_opacity=&#8221;1&#8243; background_hover_color_opacity=&#8221;1&#8243; column_backdrop_filter=&#8221;none&#8221; column_shadow=&#8221;none&#8221; column_border_radius=&#8221;none&#8221; column_link_target=&#8221;_self&#8221; overflow=&#8221;visible&#8221; gradient_direction=&#8221;left_to_right&#8221; overlay_strength=&#8221;0.3&#8243; width=&#8221;2\/3&#8243; tablet_width_inherit=&#8221;default&#8221; animation_type=&#8221;default&#8221; bg_image_animation=&#8221;none&#8221; border_type=&#8221;simple&#8221; column_border_width=&#8221;none&#8221; column_border_style=&#8221;solid&#8221; column_padding_type=&#8221;default&#8221; gradient_type=&#8221;default&#8221;][vc_custom_heading text=&#8221;Torre Apponale&#8221; font_container=&#8221;tag:h1|font_size:30|text_align:left&#8221; use_theme_fonts=&#8221;yes&#8221; css=&#8221;.vc_custom_1739950074635{padding-bottom: 4% !important;}&#8221;][vc_column_text]Alle prime luci del 24 aprile 1809, un corpo di sollevati delle valli del Noce raggiunse l\u2019Alto Garda chiamando alla rivolta la popolazione di Riva del Garda e di Arco. In citt\u00e0 fu suonata per prima la campana della torre Apponale, seguita dalle altre. Si radun\u00f2 una folla di un migliaio di sollevati che marciarono verso Torbole contro un distaccamento francese. Liberato l\u2019Alto Garda, i sollevati parteciparono ai combattimenti presso Mori, con l\u2019intento di prendere possesso della borgata e della sponda destra dell\u2019Adige, per colpire in fianco i francesi impegnati presso Volano contro la colonna principale dell\u2019esercito asburgico.<br \/>\nIl 5 giugno 1809 un corpo di truppe francesi provenienti dal lago tent\u00f2 lo sbarco a Riva, con l\u2019intento di congiungersi successivamente con la colonna guidata dal generale Livier (circa 1500 uomini), impegnata da un paio di giorni nella Vallagarina. Lo sbarco dei francesi fu ostacolato e impedito dai Bersaglieri giudicariesi guidati da un personaggio di Riva chiamato \u201cil Gobbo Koffler\u201d (o \u201cKofler\u201d) nelle coeve cronache del rivano Carlo Antonio Marcabruni. I bersaglieri, aprendo il fuoco contro le imbarcazioni, le costrinsero a prendere il largo. Un caporale di gendarmeria e altri uomini di truppa francesi, che erano riusciti a sbarcare, furono catturati dai sollevati e condotti prigionieri nelle Giudicarie.<br \/>\nIl tentativo di sbarco dei francesi mise in evidenza la delicatezza del settore gardesano, a presidio del quale furono mandate alcune Compagnie di bersaglieri, ma questa presenza, anzich\u00e9 mettere sicurezza nella citt\u00e0, non fece altro che esasperare gli abitanti, che si videro a carico il mantenimento delle stesse, con le casse comunali esauste e la mancanza di generi.<br \/>\nIl \u201cGobbo Koffler\u201d fu impegnato nel corso dell\u2019estate in Vallarsa con una compagnia di sollevati dell\u2019Alto Garda e anche dopo lo spegnimento dell\u2019insurrezione tirolese, nel mese di novembre, fu tra gli irriducibili che non vollero arrendersi. Per questo fu arrestato il 16 novembre a Gavazzo, nei dintorni di Riva.[\/vc_column_text][\/vc_column_inner][vc_column_inner column_padding=&#8221;no-extra-padding&#8221; column_padding_tablet=&#8221;inherit&#8221; column_padding_phone=&#8221;inherit&#8221; column_padding_position=&#8221;all&#8221; column_element_direction_desktop=&#8221;default&#8221; column_element_spacing=&#8221;default&#8221; desktop_text_alignment=&#8221;default&#8221; tablet_text_alignment=&#8221;default&#8221; phone_text_alignment=&#8221;default&#8221; background_color_opacity=&#8221;1&#8243; background_hover_color_opacity=&#8221;1&#8243; column_backdrop_filter=&#8221;none&#8221; column_shadow=&#8221;none&#8221; column_border_radius=&#8221;none&#8221; column_link_target=&#8221;_self&#8221; overflow=&#8221;visible&#8221; gradient_direction=&#8221;left_to_right&#8221; overlay_strength=&#8221;0.3&#8243; width=&#8221;1\/3&#8243; tablet_width_inherit=&#8221;default&#8221; animation_type=&#8221;default&#8221; bg_image_animation=&#8221;none&#8221; border_type=&#8221;simple&#8221; column_border_width=&#8221;none&#8221; column_border_style=&#8221;solid&#8221;][image_with_animation image_url=&#8221;1059&#8243; image_size=&#8221;full&#8221; animation_type=&#8221;entrance&#8221; animation=&#8221;Fade In&#8221; animation_easing=&#8221;default&#8221; animation_movement_type=&#8221;transform_y&#8221; hover_animation=&#8221;none&#8221; alignment=&#8221;&#8221; img_link_large=&#8221;yes&#8221; border_radius=&#8221;none&#8221; box_shadow=&#8221;none&#8221; image_loading=&#8221;default&#8221; max_width=&#8221;custom&#8221; max_width_custom=&#8221;90%&#8221;][vc_column_text css=&#8221;.vc_custom_1739879270851{padding-top: 5% !important;}&#8221;]<em> Riva del Garda e la sponda settentrionale del Garda raffigurate nell\u2019Atlante Macdonald, una rilevazione cartografica del Tirolo e di altri territori limitrofi, realizzata dalle autorit\u00e0 francesi in occasione delle operazioni militari condotte in questo territorio nel 1800-1081 dall\u2019Armata dei Grigioni, comandata dal generale Jacques-Etienne-Joseph-Alexandre Macdonald.<\/em><\/p>\n<h6>Foto: Fondazione Museo storico del Trentino<\/h6>\n[\/vc_column_text][\/vc_column_inner][\/vc_row_inner][\/vc_column][\/vc_row][vc_row type=&#8221;full_width_background&#8221; full_screen_row_position=&#8221;middle&#8221; column_margin=&#8221;default&#8221; column_direction=&#8221;default&#8221; column_direction_tablet=&#8221;default&#8221; column_direction_phone=&#8221;default&#8221; scene_position=&#8221;center&#8221; bottom_padding=&#8221;2%&#8221; text_color=&#8221;dark&#8221; text_align=&#8221;left&#8221; row_border_radius=&#8221;none&#8221; row_border_radius_applies=&#8221;bg&#8221; overflow=&#8221;visible&#8221; overlay_strength=&#8221;0.3&#8243; gradient_direction=&#8221;left_to_right&#8221; shape_divider_position=&#8221;bottom&#8221; bg_image_animation=&#8221;none&#8221; shape_type=&#8221;&#8221;][vc_column column_padding=&#8221;no-extra-padding&#8221; column_padding_tablet=&#8221;inherit&#8221; column_padding_phone=&#8221;inherit&#8221; column_padding_position=&#8221;all&#8221; column_element_direction_desktop=&#8221;default&#8221; column_element_spacing=&#8221;default&#8221; desktop_text_alignment=&#8221;default&#8221; tablet_text_alignment=&#8221;default&#8221; phone_text_alignment=&#8221;default&#8221; background_color_opacity=&#8221;1&#8243; background_hover_color_opacity=&#8221;1&#8243; column_backdrop_filter=&#8221;none&#8221; column_shadow=&#8221;none&#8221; column_border_radius=&#8221;none&#8221; column_link_target=&#8221;_self&#8221; column_position=&#8221;default&#8221; gradient_direction=&#8221;left_to_right&#8221; overlay_strength=&#8221;0.3&#8243; width=&#8221;1\/1&#8243; tablet_width_inherit=&#8221;default&#8221; animation_type=&#8221;default&#8221; bg_image_animation=&#8221;none&#8221; border_type=&#8221;simple&#8221; column_border_width=&#8221;none&#8221; column_border_style=&#8221;solid&#8221;][vc_column_text]\n<h6>Bibliografia:<br \/>\nCarloni Saveria (a cura di), \u201cCronaca di Carlo Antonio Marcabruni 1801-1826: note ossia memoria di cose particolari di mia patria e famiglia dall\u2019anno 1801\u201d. In: Il Sommolago: periodico di arte, storia e cultura. Arco (TN), a. XIX, n. 2, agosto 2002 [numero monografico].<br \/>\nFiorio Francesco Nicol\u00f2, Cronachetta rivana 1796-1813. Riva del Garda (TN): Miori, 1903<br \/>\nIschia Marco, Andreas Hofer e l\u2019Alto Garda. Dalle guerre napoleoniche alla rivoluzione dell\u2019Anno Nove. Arco (TN), Il Sommolago, 2009<br \/>\nIschia Marco, \u201cLa battaglia di Volano, 24 aprile 1809\u201c. In: La Battaglia di Volano e gli atti del convegno Hofer, Lanz, Negrelli insorgenti per la fede. Volano (TN): Comune di Volano, 2011.<br \/>\nPattini Alberto, La resistenza contro i francesi nella contea di Arco: 1703-1809. Trento, Temi, 1998<br \/>\nZotti Raffaele. Storia della Valle Lagarina. Trento: Monauni, 1862-1863 [ristampa anastatica: Bologna: Forni, 1969]<\/h6>\n[\/vc_column_text][\/vc_column][\/vc_row]","protected":false},"excerpt":{"rendered":"<p>[vc_row type=&#8221;full_width_background&#8221; full_screen_row_position=&#8221;middle&#8221; column_margin=&#8221;default&#8221; column_direction=&#8221;default&#8221; column_direction_tablet=&#8221;default&#8221; column_direction_phone=&#8221;default&#8221; bg_color=&#8221;rgba(197,196,193,0.3)&#8221; scene_position=&#8221;center&#8221; top_padding=&#8221;2%&#8221; bottom_padding=&#8221;1%&#8221; text_color=&#8221;dark&#8221; text_align=&#8221;left&#8221; row_border_radius=&#8221;none&#8221; row_border_radius_applies=&#8221;bg&#8221; overflow=&#8221;visible&#8221; overlay_strength=&#8221;0.3&#8243; gradient_direction=&#8221;left_to_right&#8221; shape_divider_position=&#8221;bottom&#8221; bg_image_animation=&#8221;none&#8221; shape_type=&#8221;&#8221;][vc_column column_padding=&#8221;no-extra-padding&#8221; column_padding_tablet=&#8221;inherit&#8221; column_padding_phone=&#8221;inherit&#8221; column_padding_position=&#8221;all&#8221; column_element_direction_desktop=&#8221;default&#8221; column_element_spacing=&#8221;default&#8221; desktop_text_alignment=&#8221;default&#8221; tablet_text_alignment=&#8221;default&#8221; phone_text_alignment=&#8221;default&#8221;&#8230;<\/p>\n","protected":false},"author":2,"featured_media":0,"parent":0,"menu_order":9,"comment_status":"closed","ping_status":"closed","template":"","meta":[],"_links":{"self":[{"href":"https:\/\/hoferpoints.it\/it\/wp-json\/wp\/v2\/pages\/1065"}],"collection":[{"href":"https:\/\/hoferpoints.it\/it\/wp-json\/wp\/v2\/pages"}],"about":[{"href":"https:\/\/hoferpoints.it\/it\/wp-json\/wp\/v2\/types\/page"}],"author":[{"embeddable":true,"href":"https:\/\/hoferpoints.it\/it\/wp-json\/wp\/v2\/users\/2"}],"replies":[{"embeddable":true,"href":"https:\/\/hoferpoints.it\/it\/wp-json\/wp\/v2\/comments?post=1065"}],"version-history":[{"count":8,"href":"https:\/\/hoferpoints.it\/it\/wp-json\/wp\/v2\/pages\/1065\/revisions"}],"predecessor-version":[{"id":1085,"href":"https:\/\/hoferpoints.it\/it\/wp-json\/wp\/v2\/pages\/1065\/revisions\/1085"}],"wp:attachment":[{"href":"https:\/\/hoferpoints.it\/it\/wp-json\/wp\/v2\/media?parent=1065"}],"curies":[{"name":"wp","href":"https:\/\/api.w.org\/{rel}","templated":true}]}}